{"id":3,"date":"2021-03-31T11:47:14","date_gmt":"2021-03-31T11:47:14","guid":{"rendered":"https:\/\/themes.muffingroup.com\/be\/tea4_el\/?page_id=3"},"modified":"2022-10-14T10:11:09","modified_gmt":"2022-10-14T10:11:09","slug":"politicadeprivacidade","status":"publish","type":"page","link":"https:\/\/www.florgest.pt\/index.php\/politicadeprivacidade\/","title":{"rendered":"Pol\u00edtica de Privacidade e Cookies"},"content":{"rendered":"\t\t<div data-elementor-type=\"wp-page\" data-elementor-id=\"3\" class=\"elementor elementor-3\">\n\t\t\t\t\t\t<section class=\"elementor-section elementor-top-section elementor-element elementor-element-1eda6b79 elementor-section-boxed elementor-section-height-default elementor-section-height-default\" data-id=\"1eda6b79\" data-element_type=\"section\">\n\t\t\t\t\t\t<div class=\"elementor-container elementor-column-gap-default\">\n\t\t\t\t\t<div class=\"elementor-column elementor-col-100 elementor-top-column elementor-element elementor-element-53c6df3f\" data-id=\"53c6df3f\" data-element_type=\"column\">\n\t\t\t<div class=\"elementor-widget-wrap elementor-element-populated\">\n\t\t\t\t\t\t<div class=\"elementor-element elementor-element-ce75467 elementor-tabs-view-horizontal elementor-widget elementor-widget-tabs\" data-id=\"ce75467\" data-element_type=\"widget\" data-widget_type=\"tabs.default\">\n\t\t\t\t<div class=\"elementor-widget-container\">\n\t\t\t\t\t\t\t<div class=\"elementor-tabs\">\n\t\t\t<div class=\"elementor-tabs-wrapper\" role=\"tablist\" >\n\t\t\t\t\t\t\t\t\t<div id=\"elementor-tab-title-2161\" class=\"elementor-tab-title elementor-tab-desktop-title\" aria-selected=\"true\" data-tab=\"1\" role=\"tab\" tabindex=\"0\" aria-controls=\"elementor-tab-content-2161\" aria-expanded=\"false\">Pol\u00edtica de Privacidade<\/div>\n\t\t\t\t\t\t\t\t\t<div id=\"elementor-tab-title-2162\" class=\"elementor-tab-title elementor-tab-desktop-title\" aria-selected=\"false\" data-tab=\"2\" role=\"tab\" tabindex=\"-1\" aria-controls=\"elementor-tab-content-2162\" aria-expanded=\"false\">Pol\u00edtica de Cookies<\/div>\n\t\t\t\t\t\t\t\t\t<div id=\"elementor-tab-title-2163\" class=\"elementor-tab-title elementor-tab-desktop-title\" aria-selected=\"false\" data-tab=\"3\" role=\"tab\" tabindex=\"-1\" aria-controls=\"elementor-tab-content-2163\" aria-expanded=\"false\">RGPD<\/div>\n\t\t\t\t\t\t\t<\/div>\n\t\t\t<div class=\"elementor-tabs-content-wrapper\" role=\"tablist\" aria-orientation=\"vertical\">\n\t\t\t\t\t\t\t\t\t<div class=\"elementor-tab-title elementor-tab-mobile-title\" aria-selected=\"true\" data-tab=\"1\" role=\"tab\" tabindex=\"0\" aria-controls=\"elementor-tab-content-2161\" aria-expanded=\"false\">Pol\u00edtica de Privacidade<\/div>\n\t\t\t\t\t<div id=\"elementor-tab-content-2161\" class=\"elementor-tab-content elementor-clearfix\" data-tab=\"1\" role=\"tabpanel\" aria-labelledby=\"elementor-tab-title-2161\" tabindex=\"0\" hidden=\"false\"><h3>&nbsp;<\/h3>\n<h3><strong>Pol\u00edtica de Privacidade<\/strong><\/h3>\n<h3><strong>&nbsp;<\/strong><\/h3>\n<h4><strong>Quem somos?<\/strong><\/h4>\n<p><!-- \/wp:heading --><!-- wp:paragraph --><\/p>\n<p>FLORGEST (Grupo de Gest\u00e3o Florestal) tem como principal objetivo estabelecer um modelo de gest\u00e3o florestal em conformidade com os requisitos da Norma Portuguesa NP 4406:2009 \u2013 Sistemas de Gest\u00e3o Florestal Sustent\u00e1vel e com os Princ\u00edpios e Crit\u00e9rios do Forest Stewardship Council, atrav\u00e9s da implementa\u00e7\u00e3o e manuten\u00e7\u00e3o de um Sistema de Gest\u00e3o Florestal.<\/p>\n<p><!-- \/wp:paragraph --><!-- wp:heading --><\/p>\n<h4><strong>Que tipo de informa\u00e7\u00f5es pessoais recolhemos<\/strong><\/h4>\n<p>Eventualmente solicitamos informa\u00e7\u00f5es de identifica\u00e7\u00e3o pessoal quando solicita um contacto ou informa\u00e7\u00e3o atrav\u00e9s de um dos nossos m\u00e9todos de contacto. Voc\u00ea decide se deseja prosseguir com qualquer atividade que solicite informa\u00e7\u00f5es pessoais. No entanto, se n\u00e3o quiser fornecer as informa\u00e7\u00f5es pessoais solicitadas, poder\u00e1 n\u00e3o conseguir concluir a transa\u00e7\u00e3o. Da mesma forma, quando visita o nosso site, recolheremos informa\u00e7\u00f5es conhecidas como \u201cclickstreams\u201d (browser, nome do dom\u00ednio, etc.). Estas informa\u00e7\u00f5es permitem-nos otimizar a navega\u00e7\u00e3o do site, a usabilidade e a acessibilidade, com a finalidade de melhorar a experi\u00eancia do utilizador.<\/p>\n<h4><strong>Consentimento para a recolha e utiliza\u00e7\u00e3o de dados pessoais<\/strong><\/h4>\n<p>A utiliza\u00e7\u00e3o de alguns dos servi\u00e7os do nosso s\u00edtio pressup\u00f5e o fornecimento de dados pessoais e tratamento dos mesmos. A BIOFLORESTAL s\u00f3 utilizar\u00e1 estes dados quando eles forem fornecidos pelos seus titulares, apenas para os efeitos que foram fornecidos e sempre mediante o consentimento dos seus titulares. Os dados fornecidos para efeito de aquisi\u00e7\u00e3o de produtos e servi\u00e7os da BIOFLORESTAL apenas ser\u00e3o partilhados com terceiros quando tal seja necess\u00e1rio para efeitos de cumprimento dos fornecimentos \/ servi\u00e7os.<\/p>\n<h4><strong>Partilha de dados<\/strong><\/h4>\n<p>Al\u00e9m da FLORGEST e para os efeitos acima descritos, n\u00e3o vendemos, trocamos ou transferimos a terceiros as suas informa\u00e7\u00f5es pessoais, sob forma alguma.<\/p>\n<h4><strong>Seguran\u00e7a<\/strong><\/h4>\n<p>Para garantir a seguran\u00e7a das suas informa\u00e7\u00f5es pessoais, estabelecemos uma s\u00e9rie de medidas de seguran\u00e7a t\u00e9cnicas e organizacionais para proteger os dados pessoais recolhidos contra a manipula\u00e7\u00e3o inadvertida ou intencional, perda ou destrui\u00e7\u00e3o e contra o acesso por pessoas n\u00e3o autorizadas. As nossas medidas de seguran\u00e7a s\u00e3o constantemente aperfei\u00e7oadas, acompanhando o progresso tecnol\u00f3gico. As suas informa\u00e7\u00f5es pessoais s\u00e3o guardadas em redes seguras, que apenas podem ser acedidas por um limitado n\u00famero de pessoas que det\u00eam direitos de acesso especiais e se comprometem a respeitar e manter a natureza confidencial de tais informa\u00e7\u00f5es. No entanto, declinaremos qualquer responsabilidade quando esses atos resultarem de condutas criminosas ou il\u00edcitas, caso em que a responsabilidade dever\u00e1 ser assacada aos respetivos agentes.<\/p>\n<h4><strong>Cookies<\/strong><\/h4>\n<p>O site da FLORGEST utiliza a tecnologia amplamente conhecida na ind\u00fastria como \u201ccookies\u201d para controlo da sess\u00e3o na mem\u00f3ria do seu navegador. Estes dados n\u00e3o cont\u00eam refer\u00eancias de car\u00e1cter pessoal. Um cookie \u00e9 um ficheiro de texto \u00fanico que um Website envia para o software do seu navegador (browser). Os cookies permitem que um Website personalize as informa\u00e7\u00f5es que lhe s\u00e3o apresentadas, com base nas suas prefer\u00eancias de navega\u00e7\u00e3o. Poderemos usar cookies para personalizar as suas p\u00e1ginas ou para se \u201crecordar\u201d de si quando registar produtos ou servi\u00e7os. Se n\u00e3o desejar que instalemos cookies no seu navegador (browser), poder\u00e1 definir o mesmo para rejeitar cookies. A rejei\u00e7\u00e3o de cookies poder\u00e1 afetar a sua capacidade de utilizar alguns dos servi\u00e7os no nosso website. Veja mais informa\u00e7\u00f5es abaixo em Pol\u00edtica de Cookies.<\/p>\n<p>Conhe\u00e7a detalhadamente a nossa Pol\u00edtica de Cookies no separador ao lado.<\/p>\n<h4><strong>Per\u00edodo de conserva\u00e7\u00e3o dos dados<\/strong><\/h4>\n<p>A FLORGEST trata e conserva os seus dados pessoais conforme as finalidades para que os mesmos s\u00e3o tratados e apenas pelo per\u00edodo de tempo necess\u00e1rio para o cumprimento das finalidades que motivaram a sua recolha e conserva\u00e7\u00e3o, e sempre de acordo com a lei, as orienta\u00e7\u00f5es e as decis\u00f5es da CNPD, ou, consoante o que for aplic\u00e1vel, at\u00e9 que o titular exer\u00e7a o direito de oposi\u00e7\u00e3o, direito a ser esquecido ou retire o consentimento previamente dado (quando aplic\u00e1vel).<\/p>\n<p>No entanto, h\u00e1 situa\u00e7\u00f5es em que a lei determina a conserva\u00e7\u00e3o dos dados por um per\u00edodo de tempo m\u00ednimo, designadamente o dever de conserva\u00e7\u00e3o de correspond\u00eancia comercial por 10 anos ou o dever de conserva\u00e7\u00e3o de dados relevantes para efeitos fiscais, por per\u00edodos at\u00e9 12 anos.<\/p>\n<p>Depois de decorrido o respetivo per\u00edodo de conserva\u00e7\u00e3o, a FLORGEST eliminar\u00e1 ou anonimizar\u00e1 os dados sempre que os mesmos n\u00e3o devam ser conservados para finalidade distinta que possa subsistir.<\/p>\n<h4><b>Direito de oposi\u00e7\u00e3o, informa\u00e7\u00e3o, acesso, portabilidade, retifica\u00e7\u00e3o e elimina\u00e7\u00e3o de dados<\/b><\/h4>\n<p>O titular dos dados, pode a qualquer momento solicitar-nos o acesso \u00e0 informa\u00e7\u00e3o que temos sobre si, solicitar a altera\u00e7\u00e3o dos seus dados pessoais, solicitar a elimina\u00e7\u00e3o dos dados pessoais quando estes deixem de ser necess\u00e1rios para a finalidade que motivou a sua recolha ou tratamento e\/ou limitar o tratamento dos seus dados pessoais da nossa base de dados, contactando-nos atrav\u00e9s dos emails presentes na p\u00e1gina dos <span style=\"text-decoration: underline;\"><a href=\"https:\/\/www.florgest.pt\/index.php\/contact\/\" target=\"_blank\" rel=\"noopener\">contactos<\/a><\/span>.<\/p>\n<h4><strong>Consentimento do titular dos dados<\/strong><\/h4>\n<p>Ao utilizar o site&nbsp;<span style=\"text-decoration: underline;\"><a title=\"Home\" href=\"https:\/\/www.florgest.pt\/\" target=\"_blank\" rel=\"noopener\">FLORGEST<\/a><\/span> confirma que aceita os termos desta Pol\u00edtica de Privacidade. Caso n\u00e3o concorde com os termos desta Pol\u00edtica de Privacidade, solicita-se que n\u00e3o forne\u00e7a informa\u00e7\u00f5es pessoais no mesmo e cesse a sua utiliza\u00e7\u00e3o.<\/p>\n<h4><strong>Altera\u00e7\u00f5es \u00e0 nossa Pol\u00edtica de Privacidade e de Prote\u00e7\u00e3o de Dados<\/strong><\/h4>\n<p>No futuro, poderemos optar por modificar ou atualizar esta pol\u00edtica, quer devido a altera\u00e7\u00f5es na legisla\u00e7\u00e3o, quer por forma a abranger novos desenvolvimentos da Internet. Assim sendo, reservamo-nos o direito de efetuar quaisquer altera\u00e7\u00f5es nesse sentido e solicitamos que visite esta p\u00e1gina regularmente, uma vez que tais altera\u00e7\u00f5es poder\u00e3o afet\u00e1-lo enquanto visitante do nosso website.<\/p><\/div>\n\t\t\t\t\t\t\t\t\t<div class=\"elementor-tab-title elementor-tab-mobile-title\" aria-selected=\"false\" data-tab=\"2\" role=\"tab\" tabindex=\"-1\" aria-controls=\"elementor-tab-content-2162\" aria-expanded=\"false\">Pol\u00edtica de Cookies<\/div>\n\t\t\t\t\t<div id=\"elementor-tab-content-2162\" class=\"elementor-tab-content elementor-clearfix\" data-tab=\"2\" role=\"tabpanel\" aria-labelledby=\"elementor-tab-title-2162\" tabindex=\"0\" hidden=\"hidden\"><h3>\u00a0<\/h3>\n<h3><strong>Pol\u00edtica de Cookies<\/strong><\/h3>\n<h3><strong>\u00a0<\/strong><\/h3>\n<h4><strong>O que s\u00e3o?<\/strong><\/h4>\n<p><!-- \/wp:heading --><!-- wp:paragraph --><\/p>\n<p>Um cookie \u00e9 um pequeno ficheiro em formato de texto colocado no seu computador ou dispositivo m\u00f3vel, atrav\u00e9s do navegador de internet (browser) durante uma visita a uma plataforma digital, com a finalidade de armazenar, recuperar ou atualizar dados.<\/p>\n<p>Estes ficheiros permitem que a plataforma digital se \u201dlembre\u201d das a\u00e7\u00f5es e prefer\u00eancias do utilizador, nomeadamente do nome, da l\u00edngua escolhida, do tamanho dos caracteres e de outras defini\u00e7\u00f5es de visualiza\u00e7\u00e3o. Evitam que tenha de inserir o seu nome todas as vezes que acede ou que seja necess\u00e1rio voltar a configurar a plataforma digital cada vez que a visita.<\/p>\n<p>A maioria dos cookies n\u00e3o recolhe informa\u00e7\u00f5es que permitam identificar os utilizadores e limitam-se a recolher dados de natureza mais geral, servindo para medir audi\u00eancias ou determinar a localiza\u00e7\u00e3o aproximada dos utilizadores que acedem \u00e0s nossas plataformas.<\/p>\n<p><!-- \/wp:paragraph --><!-- wp:heading --><\/p>\n<h4><strong>Os nossos cookies<\/strong><\/h4>\n<p><span style=\"text-decoration: underline;\">Cookies b\u00e1sicos e imprescind\u00edveis<\/span><\/p>\n<p>Estes cookies s\u00e3o imprescind\u00edveis para lhe fornecer um servi\u00e7o de qualidade. S\u00e3o obrigat\u00f3rios para navegar, sem limita\u00e7\u00f5es, nas plataformas digitais da FLORGEST e para garantir que usufrui de uma oferta de servi\u00e7o p\u00fablico de excel\u00eancia. Servem para medir as audi\u00eancias online e a qualidade dos nossos servi\u00e7os, permitindo-nos cumprir as nossas obriga\u00e7\u00f5es legais. Possibilitam, tamb\u00e9m, a divulga\u00e7\u00e3o de publicidade gen\u00e9rica, considerada menos relevante para o utilizador, sem personaliza\u00e7\u00e3o e sem recurso a perfis automatizados.<\/p>\n<p>Exemplos de funcionalidades permitidas por estes cookies:<\/p>\n<ul>\n<li>Memorizar o progresso da sua opera\u00e7\u00e3o ou transa\u00e7\u00e3o online;<\/li>\n<li>Conduzir an\u00e1lises para otimizar o funcionamento;<\/li>\n<li>Assegurar que as nossas plataformas digitais t\u00eam um aspeto visual consistente;<\/li>\n<li>Promover campanhas publicit\u00e1rias indiferenciadas, sem recurso a perfis automatizados..<\/li>\n<\/ul>\n<h4><strong>Tempo de armazenamento<\/strong><\/h4>\n<p>N\u00e3o, h\u00e1 cookies permanentes e cookies de sess\u00e3o:<\/p>\n<ul>\n<li><span style=\"text-decoration: underline;\">Cookies permanentes:<\/span> ficam armazenados ao n\u00edvel do navegador de internet, nos dispositivos de acesso do utilizador (computador, tablet e mobile), e s\u00e3o utilizados sempre que o utilizador faz uma nova visita \u00e0s plataformas digitais. Geralmente, s\u00e3o utilizados para direcionar a navega\u00e7\u00e3o e responder aos interesses do utilizador, permitindo \u00e0 FLORGEST prestar um servi\u00e7o mais personalizado. Como referido, a FLORGEST guarda as suas prefer\u00eancias por um per\u00edodo de sessenta dias, ap\u00f3s o qual ser-lhe-\u00e1 solicitado que configure novamente a aceita\u00e7\u00e3o de cookies;<\/li>\n<li><span style=\"text-decoration: underline;\">Cookies de sess\u00e3o:<\/span>\u00a0s\u00e3o tempor\u00e1rios, permanecem nos cookies do seu navegador de internet, at\u00e9 sair de cada uma das plataformas digitais que est\u00e1 a visitar. A informa\u00e7\u00e3o obtida permite identificar problemas e encontrar solu\u00e7\u00f5es para oferecer uma melhor experi\u00eancia de navega\u00e7\u00e3o.<\/li>\n<\/ul>\n<h4><strong>Como desativar cookies<\/strong><\/h4>\n<p>Apesar de os cookies auxiliarem o utilizador a tirar o m\u00e1ximo proveito das plataformas digitais da FLORGEST, o utilizador pode optar por desativar os cookies que se encontrem no seu navegador da Internet, atrav\u00e9s da respetiva ferramenta de gest\u00e3o das configura\u00e7\u00f5es \u2013 \u201cGest\u00e3o das Defini\u00e7\u00f5es de Cookies\u201d no \u201crodap\u00e9\u201d das plataformas digitais da FLORGEST.<\/p>\n<p>No entanto, ao desativar os cookies, as plataformas digitais da FLORGEST ter\u00e3o um desempenho diferente, com menor n\u00edvel na qualidade do servi\u00e7o.<\/p>\n<p>Caso opte por remover os cookies que fazem parte das Funcionalidades Avan\u00e7adas colocados nas nossas plataformas digitais, corre o risco de desativar determinados servi\u00e7os e funcionalidades.<\/p>\n<p>Para modificar as suas defini\u00e7\u00f5es ou desativar a utiliza\u00e7\u00e3o de cookies, quaisquer que eles sejam e independentemente da sua origem, pode, tamb\u00e9m, seguir as instru\u00e7\u00f5es fornecidas no seu navegador de internet ou dispositivo (normalmente, localizadas em \u00abDefini\u00e7\u00f5es\u00bb ou \u00abPrefer\u00eancias\u00bb).<\/p>\n<p>Abaixo, listamos alguns links \u00fateis, de navegadores de Internet:<\/p>\n<ul>\n<li><span style=\"text-decoration: underline;\"><a href=\"https:\/\/support.microsoft.com\/pt-pt\/topic\/como-eliminar-ficheiros-de-cookies-no-internet-explorer-bca9446f-d873-78de-77ba-d42645fa52fc\" target=\"_blank\" rel=\"noopener\">Microsoft Internet Explorer <\/a><\/span><\/li>\n<li><span style=\"text-decoration: underline;\"><a href=\"https:\/\/support.microsoft.com\/pt-pt\/windows\/microsoft-edge-dados-de-navega%C3%A7%C3%A3o-e-privacidade-bb8174ba-9d73-dcf2-9b4a-c582b4e640dd\" target=\"_blank\" rel=\"noopener\">Microsoft Edge<\/a><\/span><\/li>\n<li><span style=\"text-decoration: underline;\"><a href=\"https:\/\/support.google.com\/chrome\/answer\/95647\" target=\"_blank\" rel=\"noopener\">Google Chrome<\/a><\/span><\/li>\n<li><span style=\"text-decoration: underline;\"><a href=\"https:\/\/support.mozilla.org\/en-US\/kb\/enhanced-tracking-protection-firefox-desktop?redirectslug=enable-and-disable-cookies-website-preferences&amp;redirectlocale=en-US\" target=\"_blank\" rel=\"noopener\">Mozilla Firefox<\/a><\/span><\/li>\n<li><span style=\"text-decoration: underline;\"><a href=\"https:\/\/support.apple.com\/en-us\/HT201265\" target=\"_blank\" rel=\"noopener\">Apple Safari<\/a><\/span><\/li>\n<li><span style=\"text-decoration: underline;\"><a href=\"https:\/\/help.opera.com\/en\/latest\/web-preferences\/\" target=\"_blank\" rel=\"noopener\">Opera<\/a><\/span><\/li>\n<\/ul>\n<h4>\u00a0<\/h4><\/div>\n\t\t\t\t\t\t\t\t\t<div class=\"elementor-tab-title elementor-tab-mobile-title\" aria-selected=\"false\" data-tab=\"3\" role=\"tab\" tabindex=\"-1\" aria-controls=\"elementor-tab-content-2163\" aria-expanded=\"false\">RGPD<\/div>\n\t\t\t\t\t<div id=\"elementor-tab-content-2163\" class=\"elementor-tab-content elementor-clearfix\" data-tab=\"3\" role=\"tabpanel\" aria-labelledby=\"elementor-tab-title-2163\" tabindex=\"0\" hidden=\"hidden\"><h3>\u00a0<\/h3>\n<h3><b>Regulamento Geral sobre a Prote\u00e7\u00e3o de Dados (RGPD)<\/b><\/h3>\n<p>\u00a0<\/p>\n<p>O Regulamento (UE) 2016\/679 do Parlamento Europeu e do Conselho, que \u00e9 o novo\u00a0Regulamento Geral sobre a Prote\u00e7\u00e3o de Dados\u00a0(RGPD) da Uni\u00e3o Europeia (UE), estabelece as regras relativas ao tratamento, por uma pessoa, uma empresa ou uma organiza\u00e7\u00e3o, de dados pessoais relativos a pessoas na UE.<br \/>Para al\u00e9m do refor\u00e7o da prote\u00e7\u00e3o jur\u00eddica dos direitos dos titulares dos dados, o RGPD define novas regras e procedimentos do ponto de vista tecnol\u00f3gico.<\/p>\n<p>O RGPD \u00e9 aplic\u00e1vel obrigatoriamente a partir do dia 25 de maio de 2018.<\/p>\n<p><a title=\"RGPD\" href=\"https:\/\/eur-lex.europa.eu\/legal-content\/PT\/TXT\/PDF\/?uri=CELEX:32016R0679&amp;from=PT\" target=\"_blank\" rel=\"noopener\">Leia <span style=\"text-decoration: underline;\">AQUI<\/span><\/a>.<\/p><\/div>\n\t\t\t\t\t\t\t<\/div>\n\t\t<\/div>\n\t\t\t\t\t\t<\/div>\n\t\t\t\t<\/div>\n\t\t\t\t\t<\/div>\n\t\t<\/div>\n\t\t\t\t\t<\/div>\n\t\t<\/section>\n\t\t\t\t<\/div>\n\t\t","protected":false},"excerpt":{"rendered":"<p>Pol\u00edtica de Privacidade Pol\u00edtica de Cookies RGPD Pol\u00edtica de Privacidade &nbsp; Pol\u00edtica de Privacidade &nbsp; Quem somos? FLORGEST (Grupo de Gest\u00e3o Florestal) tem como principal objetivo<span class=\"excerpt-hellip\"> [\u2026]<\/span><\/p>\n","protected":false},"author":1,"featured_media":0,"parent":0,"menu_order":0,"comment_status":"closed","ping_status":"open","template":"","meta":{"content-type":"","om_disable_all_campaigns":false,"_monsterinsights_skip_tracking":false,"_monsterinsights_sitenote_active":false,"_monsterinsights_sitenote_note":"","_monsterinsights_sitenote_category":0,"footnotes":""},"class_list":["post-3","page","type-page","status-publish","hentry"],"aioseo_notices":[],"_links":{"self":[{"href":"https:\/\/www.florgest.pt\/index.php\/wp-json\/wp\/v2\/pages\/3","targetHints":{"allow":["GET"]}}],"collection":[{"href":"https:\/\/www.florgest.pt\/index.php\/wp-json\/wp\/v2\/pages"}],"about":[{"href":"https:\/\/www.florgest.pt\/index.php\/wp-json\/wp\/v2\/types\/page"}],"author":[{"embeddable":true,"href":"https:\/\/www.florgest.pt\/index.php\/wp-json\/wp\/v2\/users\/1"}],"replies":[{"embeddable":true,"href":"https:\/\/www.florgest.pt\/index.php\/wp-json\/wp\/v2\/comments?post=3"}],"version-history":[{"count":101,"href":"https:\/\/www.florgest.pt\/index.php\/wp-json\/wp\/v2\/pages\/3\/revisions"}],"predecessor-version":[{"id":1200,"href":"https:\/\/www.florgest.pt\/index.php\/wp-json\/wp\/v2\/pages\/3\/revisions\/1200"}],"wp:attachment":[{"href":"https:\/\/www.florgest.pt\/index.php\/wp-json\/wp\/v2\/media?parent=3"}],"curies":[{"name":"wp","href":"https:\/\/api.w.org\/{rel}","templated":true}]}}